{"id":2449,"date":"2024-12-17T09:47:52","date_gmt":"2024-12-17T09:47:52","guid":{"rendered":"https:\/\/p12.wixcellent.com\/?page_id=2449"},"modified":"2026-01-07T19:17:53","modified_gmt":"2026-01-07T19:17:53","slug":"salo-base-montagesatz","status":"publish","type":"page","link":"http:\/\/p12medical.ch\/en\/salo-base-montagesatz\/","title":{"rendered":"SALO BASE \u2013 Montagesatz"},"content":{"rendered":"<div data-elementor-type=\"wp-page\" data-elementor-id=\"2449\" class=\"elementor elementor-2449\">\n\t\t\t\t<div class=\"elementor-element elementor-element-efa3e78 e-flex e-con-boxed wpr-particle-no wpr-jarallax-no wpr-parallax-no wpr-sticky-section-no wpr-column-slider-no wpr-equal-height-no e-con e-parent\" data-id=\"efa3e78\" data-element_type=\"container\" data-e-type=\"container\" data-settings=\"{&quot;background_background&quot;:&quot;classic&quot;}\">\n\t\t\t\t\t<div class=\"e-con-inner\">\n\t\t<div class=\"elementor-element elementor-element-9cf048f e-con-full e-flex wpr-particle-no wpr-jarallax-no wpr-parallax-no wpr-sticky-section-no wpr-column-slider-no wpr-equal-height-no e-con e-child\" data-id=\"9cf048f\" data-element_type=\"container\" data-e-type=\"container\">\n\t\t\t\t<div class=\"elementor-element elementor-element-5724ba4 elementor-widget elementor-widget-heading\" data-id=\"5724ba4\" data-element_type=\"widget\" data-e-type=\"widget\" data-widget_type=\"heading.default\">\n\t\t\t\t<div class=\"elementor-widget-container\">\n\t\t\t\t\t<h1 class=\"elementor-heading-title elementor-size-default\">SALO BASE \u2013 Montagesatz<\/h1>\t\t\t\t<\/div>\n\t\t\t\t<\/div>\n\t\t\t\t<\/div>\n\t\t<div class=\"elementor-element elementor-element-5903052 e-con-full e-flex wpr-particle-no wpr-jarallax-no wpr-parallax-no wpr-sticky-section-no wpr-column-slider-no wpr-equal-height-no e-con e-child\" data-id=\"5903052\" data-element_type=\"container\" data-e-type=\"container\">\n\t\t\t\t<div class=\"elementor-element elementor-element-1e993c2 elementor-view-default elementor-widget elementor-widget-icon\" data-id=\"1e993c2\" data-element_type=\"widget\" data-e-type=\"widget\" data-widget_type=\"icon.default\">\n\t\t\t\t<div class=\"elementor-widget-container\">\n\t\t\t\t\t\t\t<div class=\"elementor-icon-wrapper\">\n\t\t\t<div class=\"elementor-icon\">\n\t\t\t<i aria-hidden=\"true\" class=\"icon icon-arrow-left\"><\/i>\t\t\t<\/div>\n\t\t<\/div>\n\t\t\t\t\t\t<\/div>\n\t\t\t\t<\/div>\n\t\t\t\t<div class=\"elementor-element elementor-element-391fd8f elementor-widget elementor-widget-heading\" data-id=\"391fd8f\" data-element_type=\"widget\" data-e-type=\"widget\" data-widget_type=\"heading.default\">\n\t\t\t\t<div class=\"elementor-widget-container\">\n\t\t\t\t\t<h2 class=\"elementor-heading-title elementor-size-default\"><a href=\"http:\/\/p12medical.ch\/en\/desinfektionstechnologie-products\/\">View All Products<\/a><\/h2>\t\t\t\t<\/div>\n\t\t\t\t<\/div>\n\t\t\t\t<\/div>\n\t\t\t\t\t<\/div>\n\t\t\t\t<\/div>\n\t\t<div class=\"elementor-element elementor-element-e6e05a5 e-flex e-con-boxed wpr-particle-no wpr-jarallax-no wpr-parallax-no wpr-sticky-section-no wpr-column-slider-no wpr-equal-height-no e-con e-parent\" data-id=\"e6e05a5\" data-element_type=\"container\" data-e-type=\"container\">\n\t\t\t\t\t<div class=\"e-con-inner\">\n\t\t<div class=\"elementor-element elementor-element-5139d66 e-con-full e-flex wpr-particle-no wpr-jarallax-no wpr-parallax-no wpr-sticky-section-no wpr-column-slider-no wpr-equal-height-no e-con e-child\" data-id=\"5139d66\" data-element_type=\"container\" data-e-type=\"container\">\n\t\t\t\t<div class=\"elementor-element elementor-element-d9ce52d wpr-adv-slider-columns-1 wpr-adv-slider-columns--tablet1 wpr-adv-slider-columns--mobile1 wpr-adv-slides-to-scroll-1 wpr-slider-dots-horizontal elementor-widget elementor-widget-wpr-advanced-slider\" data-id=\"d9ce52d\" data-element_type=\"widget\" data-e-type=\"widget\" data-settings=\"{&quot;slider_amount&quot;:1,&quot;slider_amount_tablet&quot;:1,&quot;slider_amount_mobile&quot;:1,&quot;slides_to_scroll&quot;:1,&quot;slider_loop&quot;:&quot;yes&quot;,&quot;slider_hide_video_content&quot;:&quot;yes&quot;,&quot;slider_video_btn_size&quot;:&quot;medium&quot;}\" data-widget_type=\"wpr-advanced-slider.default\">\n\t\t\t\t<div class=\"elementor-widget-container\">\n\t\t\t\t\t\n\t\t<!-- Advanced Slider -->\n\t\t<div class=\"wpr-advanced-slider-wrap\">\n\t\t\t\n\t\t\t<div class=\"wpr-advanced-slider\" dir=\"ltr\" data-slick=\"{&quot;rtl&quot;:false,&quot;infinite&quot;:true,&quot;speed&quot;:700,&quot;arrows&quot;:true,&quot;dots&quot;:true,&quot;autoplay&quot;:false,&quot;autoplaySpeed&quot;:1000,&quot;pauseOnHover&quot;:&quot;&quot;,&quot;prevArrow&quot;:&quot;#wpr-slider-prev-d9ce52d&quot;,&quot;nextArrow&quot;:&quot;#wpr-slider-next-d9ce52d&quot;,&quot;vertical&quot;:false,&quot;adaptiveHeight&quot;:true}\" data-hide-video-content=\"yes\" data-video-btn-size=\"{&quot;widescreen&quot;:&quot;medium&quot;,&quot;desktop&quot;:&quot;medium&quot;,&quot;laptop&quot;:&quot;medium&quot;,&quot;tablet_extra&quot;:&quot;medium&quot;,&quot;tablet&quot;:&quot;medium&quot;,&quot;mobile_extra&quot;:&quot;medium&quot;,&quot;mobile&quot;:&quot;medium&quot;}\" data-slide-effect=\"slide\">\n\t\t\t\t<div class=\"wpr-slider-item elementor-repeater-item-c2b4411\"><div class=\"wpr-slider-item-bg\" style=\"background-image: url(https:\/\/p12medical.ch\/wp-content\/uploads\/2025\/12\/Spectral-Blue-SALO-BASE-mounting-kit.webp)\"><\/div><div class=\"wpr-cv-container\"><div class=\"wpr-cv-outer\"><div class=\"wpr-cv-inner\"><div class=\"wpr-slider-content\"><div class=\"wpr-slider-btns\"><\/div><\/div><\/div><\/div><\/div><\/div><div class=\"wpr-slider-item elementor-repeater-item-6a9efc8\"><div class=\"wpr-slider-item-bg\" style=\"background-image: url(https:\/\/p12medical.ch\/wp-content\/uploads\/2025\/12\/Salo-Base-instruction.png)\"><\/div><div class=\"wpr-cv-container\"><div class=\"wpr-cv-outer\"><div class=\"wpr-cv-inner\"><\/div><\/div><\/div><\/div>\t\t\t<\/div>\n\t\t\t<div class=\"wpr-slider-controls\">\n\t\t\t\t<div class=\"wpr-slider-dots\"><\/div>\n\t\t\t<\/div>\n\n\t\t\t<div class=\"wpr-slider-arrow-container\">\n\t\t\t\t<div class=\"wpr-slider-prev-arrow wpr-slider-arrow\" id=\"wpr-slider-prev-d9ce52d\">\n\t\t\t\t\t<svg version=\"1.1\" xmlns=\"http:\/\/www.w3.org\/2000\/svg\" xmlns:xlink=\"http:\/\/www.w3.org\/1999\/xlink\" x=\"0px\" y=\"0px\" viewbox=\"0 0 283.4 512\" style=\"enable-background:new 0 0 283.4 512;\" xml:space=\"preserve\"><g><polygon class=\"st0\" points=\"54.5,256.3 283.4,485.1 256.1,512.5 0,256.3 0,256.3 27.2,229 256.1,0 283.4,27.4 \"\/><\/g><\/svg>\t\t\t\t<\/div>\n\t\t\t\t<div class=\"wpr-slider-next-arrow wpr-slider-arrow\" id=\"wpr-slider-next-d9ce52d\">\n\t\t\t\t\t<svg version=\"1.1\" xmlns=\"http:\/\/www.w3.org\/2000\/svg\" xmlns:xlink=\"http:\/\/www.w3.org\/1999\/xlink\" x=\"0px\" y=\"0px\" viewbox=\"0 0 283.4 512\" style=\"enable-background:new 0 0 283.4 512;\" xml:space=\"preserve\"><g><polygon class=\"st0\" points=\"54.5,256.3 283.4,485.1 256.1,512.5 0,256.3 0,256.3 27.2,229 256.1,0 283.4,27.4 \"\/><\/g><\/svg>\t\t\t\t<\/div>\n\t\t\t<\/div>\n\t\t\t\n\t\t\t\n\t\t<\/div>\n\t\t\t\t\t\t<\/div>\n\t\t\t\t<\/div>\n\t\t\t\t<\/div>\n\t\t<div class=\"elementor-element elementor-element-8491061 e-con-full e-flex wpr-particle-no wpr-jarallax-no wpr-parallax-no wpr-sticky-section-no wpr-column-slider-no wpr-equal-height-no e-con e-child\" data-id=\"8491061\" data-element_type=\"container\" data-e-type=\"container\">\n\t\t\t\t<div class=\"elementor-element elementor-element-af800be elementor-widget elementor-widget-heading\" data-id=\"af800be\" data-element_type=\"widget\" data-e-type=\"widget\" data-widget_type=\"heading.default\">\n\t\t\t\t<div class=\"elementor-widget-container\">\n\t\t\t\t\t<h2 class=\"elementor-heading-title elementor-size-default\">SALO BASE \u2013 Montagesatz<\/h2>\t\t\t\t<\/div>\n\t\t\t\t<\/div>\n\t\t\t\t<div class=\"elementor-element elementor-element-dc67028 elementor-widget elementor-widget-text-editor\" data-id=\"dc67028\" data-element_type=\"widget\" data-e-type=\"widget\" data-widget_type=\"text-editor.default\">\n\t\t\t\t<div class=\"elementor-widget-container\">\n\t\t\t\t\t\t\t\t\t<p>SALO BASE is a set of two self-adhesive mounting plates. It is meant for attaching a SALO device in biosafety cabinets and laminar hoods that have non-magnetic surfaces. The SALO BASE plates provide a magnetic surface for the SALO device.<\/p><p>Use one kit (2 plates) for a SALO device and two kits (4 plates) for a SALO XL device.<\/p><p>Material: Painted steel. One side has 3M adhesive.<\/p><p>Abmessung (einer Platte): 85x170mm<\/p><p>Use: Clean the surface where you will attach the SALO BASE plates. Peel off the protective film and press the SALO BASE plates firmly in their places. Wait 10 minutes before attaching the device on the plates.<\/p>\t\t\t\t\t\t\t\t<\/div>\n\t\t\t\t<\/div>\n\t\t\t\t<\/div>\n\t\t\t\t\t<\/div>\n\t\t\t\t<\/div>\n\t\t\t\t<\/div>","protected":false},"excerpt":{"rendered":"<p>SALO BASE \u2013 Montagesatz View All Products SALO BASE \u2013 Montagesatz SALO BASE ist ein Set aus zwei selbstklebenden Montageplatten. Es ist f\u00fcr die Anbringung eines SALO-Ger\u00e4ts in Biosicherheitsschr\u00e4nken und Laminarhauben mit nicht magnetischen Oberfl\u00e4chen vorgesehen. Die SALO BASE-Platten bieten eine magnetische Oberfl\u00e4che f\u00fcr das SALO-Ger\u00e4t. Verwenden Sie ein Kit (2 Platten) f\u00fcr ein SALO-Ger\u00e4t und zwei Kits (4 Platten) f\u00fcr ein SALO XL-Ger\u00e4t. Material: Lackierter Stahl. Eine Seite ist mit 3M-Kleber versehen. Abmessung (einer Platte): 85x170mm Verwendung: Reinigen Sie die Oberfl\u00e4che, auf der Sie die SALO BASE-Platten anbringen m\u00f6chten. Ziehen Sie die Schutzfolie ab und dr\u00fccken Sie die SALO BASE-Platten fest an ihren Platz. Warten Sie 10 Minuten, bevor Sie das Ger\u00e4t auf den Platten befestigen.<\/p>","protected":false},"author":2,"featured_media":0,"parent":0,"menu_order":0,"comment_status":"closed","ping_status":"closed","template":"","meta":{"footnotes":""},"class_list":["post-2449","page","type-page","status-publish","hentry"],"yoast_head":"<!-- This site is optimized with the Yoast SEO plugin v27.6 - https:\/\/yoast.com\/product\/yoast-seo-wordpress\/ -->\n<title>SALO BASE \u2013 Montagesatz - P12 Medical<\/title>\n<meta name=\"robots\" content=\"index, follow, max-snippet:-1, max-image-preview:large, max-video-preview:-1\" \/>\n<link rel=\"canonical\" href=\"https:\/\/p12medical.ch\/en\/salo-base-montagesatz\/\" \/>\n<meta property=\"og:locale\" content=\"en_US\" \/>\n<meta property=\"og:type\" content=\"article\" \/>\n<meta property=\"og:title\" content=\"SALO BASE \u2013 Montagesatz - P12 Medical\" \/>\n<meta property=\"og:description\" content=\"SALO BASE \u2013 Montagesatz View All Products SALO BASE \u2013 Montagesatz SALO BASE ist ein Set aus zwei selbstklebenden Montageplatten. Es ist f\u00fcr die Anbringung eines SALO-Ger\u00e4ts in Biosicherheitsschr\u00e4nken und Laminarhauben mit nicht magnetischen Oberfl\u00e4chen vorgesehen. Die SALO BASE-Platten bieten eine magnetische Oberfl\u00e4che f\u00fcr das SALO-Ger\u00e4t. Verwenden Sie ein Kit (2 Platten) f\u00fcr ein SALO-Ger\u00e4t und zwei Kits (4 Platten) f\u00fcr ein SALO XL-Ger\u00e4t. Material: Lackierter Stahl. Eine Seite ist mit 3M-Kleber versehen. Abmessung (einer Platte): 85x170mm Verwendung: Reinigen Sie die Oberfl\u00e4che, auf der Sie die SALO BASE-Platten anbringen m\u00f6chten. Ziehen Sie die Schutzfolie ab und dr\u00fccken Sie die SALO BASE-Platten fest an ihren Platz. Warten Sie 10 Minuten, bevor Sie das Ger\u00e4t auf den Platten befestigen.\" \/>\n<meta property=\"og:url\" content=\"https:\/\/p12medical.ch\/en\/salo-base-montagesatz\/\" \/>\n<meta property=\"og:site_name\" content=\"P12 Medical\" \/>\n<meta property=\"article:modified_time\" content=\"2026-01-07T19:17:53+00:00\" \/>\n<meta name=\"twitter:card\" content=\"summary_large_image\" \/>\n<meta name=\"twitter:label1\" content=\"Est. reading time\" \/>\n\t<meta name=\"twitter:data1\" content=\"1 minute\" \/>\n<script type=\"application\/ld+json\" class=\"yoast-schema-graph\">{\"@context\":\"https:\\\/\\\/schema.org\",\"@graph\":[{\"@type\":\"WebPage\",\"@id\":\"https:\\\/\\\/p12medical.ch\\\/salo-base-montagesatz\\\/\",\"url\":\"https:\\\/\\\/p12medical.ch\\\/salo-base-montagesatz\\\/\",\"name\":\"SALO BASE \u2013 Montagesatz - P12 Medical\",\"isPartOf\":{\"@id\":\"https:\\\/\\\/p12medical.ch\\\/de\\\/#website\"},\"datePublished\":\"2024-12-17T09:47:52+00:00\",\"dateModified\":\"2026-01-07T19:17:53+00:00\",\"breadcrumb\":{\"@id\":\"https:\\\/\\\/p12medical.ch\\\/salo-base-montagesatz\\\/#breadcrumb\"},\"inLanguage\":\"en-US\",\"potentialAction\":[{\"@type\":\"ReadAction\",\"target\":[\"https:\\\/\\\/p12medical.ch\\\/salo-base-montagesatz\\\/\"]}]},{\"@type\":\"BreadcrumbList\",\"@id\":\"https:\\\/\\\/p12medical.ch\\\/salo-base-montagesatz\\\/#breadcrumb\",\"itemListElement\":[{\"@type\":\"ListItem\",\"position\":1,\"name\":\"Home\",\"item\":\"https:\\\/\\\/p12medical.ch\\\/\"},{\"@type\":\"ListItem\",\"position\":2,\"name\":\"SALO BASE \u2013 Montagesatz\"}]},{\"@type\":\"WebSite\",\"@id\":\"https:\\\/\\\/p12medical.ch\\\/de\\\/#website\",\"url\":\"https:\\\/\\\/p12medical.ch\\\/de\\\/\",\"name\":\"P12 Medical\",\"description\":\"Helping industries thrive with smart, reliable medical solutions\",\"publisher\":{\"@id\":\"https:\\\/\\\/p12medical.ch\\\/de\\\/#organization\"},\"potentialAction\":[{\"@type\":\"SearchAction\",\"target\":{\"@type\":\"EntryPoint\",\"urlTemplate\":\"https:\\\/\\\/p12medical.ch\\\/de\\\/?s={search_term_string}\"},\"query-input\":{\"@type\":\"PropertyValueSpecification\",\"valueRequired\":true,\"valueName\":\"search_term_string\"}}],\"inLanguage\":\"en-US\"},{\"@type\":\"Organization\",\"@id\":\"https:\\\/\\\/p12medical.ch\\\/de\\\/#organization\",\"name\":\"P12 Medical\",\"url\":\"https:\\\/\\\/p12medical.ch\\\/de\\\/\",\"logo\":{\"@type\":\"ImageObject\",\"inLanguage\":\"en-US\",\"@id\":\"https:\\\/\\\/p12medical.ch\\\/de\\\/#\\\/schema\\\/logo\\\/image\\\/\",\"url\":\"https:\\\/\\\/p12medical.ch\\\/wp-content\\\/uploads\\\/2024\\\/11\\\/P12-MEDICAL-w1.png\",\"contentUrl\":\"https:\\\/\\\/p12medical.ch\\\/wp-content\\\/uploads\\\/2024\\\/11\\\/P12-MEDICAL-w1.png\",\"width\":902,\"height\":358,\"caption\":\"P12 Medical\"},\"image\":{\"@id\":\"https:\\\/\\\/p12medical.ch\\\/de\\\/#\\\/schema\\\/logo\\\/image\\\/\"},\"sameAs\":[\"https:\\\/\\\/www.linkedin.com\\\/company\\\/p12-medical\"]}]}<\/script>\n<!-- \/ Yoast SEO plugin. -->","yoast_head_json":{"title":"SALO BASE \u2013 Montagesatz - P12 Medical","robots":{"index":"index","follow":"follow","max-snippet":"max-snippet:-1","max-image-preview":"max-image-preview:large","max-video-preview":"max-video-preview:-1"},"canonical":"https:\/\/p12medical.ch\/en\/salo-base-montagesatz\/","og_locale":"en_US","og_type":"article","og_title":"SALO BASE \u2013 Montagesatz - P12 Medical","og_description":"SALO BASE \u2013 Montagesatz View All Products SALO BASE \u2013 Montagesatz SALO BASE ist ein Set aus zwei selbstklebenden Montageplatten. Es ist f\u00fcr die Anbringung eines SALO-Ger\u00e4ts in Biosicherheitsschr\u00e4nken und Laminarhauben mit nicht magnetischen Oberfl\u00e4chen vorgesehen. Die SALO BASE-Platten bieten eine magnetische Oberfl\u00e4che f\u00fcr das SALO-Ger\u00e4t. Verwenden Sie ein Kit (2 Platten) f\u00fcr ein SALO-Ger\u00e4t und zwei Kits (4 Platten) f\u00fcr ein SALO XL-Ger\u00e4t. Material: Lackierter Stahl. Eine Seite ist mit 3M-Kleber versehen. Abmessung (einer Platte): 85x170mm Verwendung: Reinigen Sie die Oberfl\u00e4che, auf der Sie die SALO BASE-Platten anbringen m\u00f6chten. Ziehen Sie die Schutzfolie ab und dr\u00fccken Sie die SALO BASE-Platten fest an ihren Platz. Warten Sie 10 Minuten, bevor Sie das Ger\u00e4t auf den Platten befestigen.","og_url":"https:\/\/p12medical.ch\/en\/salo-base-montagesatz\/","og_site_name":"P12 Medical","article_modified_time":"2026-01-07T19:17:53+00:00","twitter_card":"summary_large_image","twitter_misc":{"Est. reading time":"1 minute"},"schema":{"@context":"https:\/\/schema.org","@graph":[{"@type":"WebPage","@id":"https:\/\/p12medical.ch\/salo-base-montagesatz\/","url":"https:\/\/p12medical.ch\/salo-base-montagesatz\/","name":"SALO BASE \u2013 Montagesatz - P12 Medical","isPartOf":{"@id":"https:\/\/p12medical.ch\/de\/#website"},"datePublished":"2024-12-17T09:47:52+00:00","dateModified":"2026-01-07T19:17:53+00:00","breadcrumb":{"@id":"https:\/\/p12medical.ch\/salo-base-montagesatz\/#breadcrumb"},"inLanguage":"en-US","potentialAction":[{"@type":"ReadAction","target":["https:\/\/p12medical.ch\/salo-base-montagesatz\/"]}]},{"@type":"BreadcrumbList","@id":"https:\/\/p12medical.ch\/salo-base-montagesatz\/#breadcrumb","itemListElement":[{"@type":"ListItem","position":1,"name":"Home","item":"https:\/\/p12medical.ch\/"},{"@type":"ListItem","position":2,"name":"SALO BASE \u2013 Montagesatz"}]},{"@type":"WebSite","@id":"https:\/\/p12medical.ch\/de\/#website","url":"https:\/\/p12medical.ch\/de\/","name":"P12 Medical","description":"Helping industries thrive with smart, reliable medical solutions","publisher":{"@id":"https:\/\/p12medical.ch\/de\/#organization"},"potentialAction":[{"@type":"SearchAction","target":{"@type":"EntryPoint","urlTemplate":"https:\/\/p12medical.ch\/de\/?s={search_term_string}"},"query-input":{"@type":"PropertyValueSpecification","valueRequired":true,"valueName":"search_term_string"}}],"inLanguage":"en-US"},{"@type":"Organization","@id":"https:\/\/p12medical.ch\/de\/#organization","name":"P12 Medical","url":"https:\/\/p12medical.ch\/de\/","logo":{"@type":"ImageObject","inLanguage":"en-US","@id":"https:\/\/p12medical.ch\/de\/#\/schema\/logo\/image\/","url":"https:\/\/p12medical.ch\/wp-content\/uploads\/2024\/11\/P12-MEDICAL-w1.png","contentUrl":"https:\/\/p12medical.ch\/wp-content\/uploads\/2024\/11\/P12-MEDICAL-w1.png","width":902,"height":358,"caption":"P12 Medical"},"image":{"@id":"https:\/\/p12medical.ch\/de\/#\/schema\/logo\/image\/"},"sameAs":["https:\/\/www.linkedin.com\/company\/p12-medical"]}]}},"_links":{"self":[{"href":"http:\/\/p12medical.ch\/en\/wp-json\/wp\/v2\/pages\/2449","targetHints":{"allow":["GET"]}}],"collection":[{"href":"http:\/\/p12medical.ch\/en\/wp-json\/wp\/v2\/pages"}],"about":[{"href":"http:\/\/p12medical.ch\/en\/wp-json\/wp\/v2\/types\/page"}],"author":[{"embeddable":true,"href":"http:\/\/p12medical.ch\/en\/wp-json\/wp\/v2\/users\/2"}],"replies":[{"embeddable":true,"href":"http:\/\/p12medical.ch\/en\/wp-json\/wp\/v2\/comments?post=2449"}],"version-history":[{"count":1,"href":"http:\/\/p12medical.ch\/en\/wp-json\/wp\/v2\/pages\/2449\/revisions"}],"predecessor-version":[{"id":12358,"href":"http:\/\/p12medical.ch\/en\/wp-json\/wp\/v2\/pages\/2449\/revisions\/12358"}],"wp:attachment":[{"href":"http:\/\/p12medical.ch\/en\/wp-json\/wp\/v2\/media?parent=2449"}],"curies":[{"name":"wp","href":"https:\/\/api.w.org\/{rel}","templated":true}]}}