{"id":3826,"date":"2025-01-22T07:20:10","date_gmt":"2025-01-22T07:20:10","guid":{"rendered":"https:\/\/test.p12medical.ch\/?page_id=3826"},"modified":"2025-10-17T11:14:33","modified_gmt":"2025-10-17T11:14:33","slug":"impressum","status":"publish","type":"page","link":"http:\/\/p12medical.ch\/en\/impressum\/","title":{"rendered":"Legal Notice"},"content":{"rendered":"<div data-elementor-type=\"wp-page\" data-elementor-id=\"3826\" class=\"elementor elementor-3826\">\n\t\t\t\t<div class=\"elementor-element elementor-element-5c55a61 e-flex e-con-boxed wpr-particle-no wpr-jarallax-no wpr-parallax-no wpr-sticky-section-no wpr-equal-height-no e-con e-parent\" data-id=\"5c55a61\" data-element_type=\"container\" data-e-type=\"container\" data-settings=\"{&quot;background_background&quot;:&quot;classic&quot;}\">\n\t\t\t\t\t<div class=\"e-con-inner\">\n\t\t\t\t<div class=\"elementor-element elementor-element-4302104 elementor-widget elementor-widget-heading\" data-id=\"4302104\" data-element_type=\"widget\" data-e-type=\"widget\" data-widget_type=\"heading.default\">\n\t\t\t\t<div class=\"elementor-widget-container\">\n\t\t\t\t\t<h1 class=\"elementor-heading-title elementor-size-default\">Legal Notice<\/h1>\t\t\t\t<\/div>\n\t\t\t\t<\/div>\n\t\t\t\t\t<\/div>\n\t\t\t\t<\/div>\n\t\t<div class=\"elementor-element elementor-element-452a46c3 skt-physiotherapy-section-1 e-flex e-con-boxed wpr-particle-no wpr-jarallax-no wpr-parallax-no wpr-sticky-section-no wpr-equal-height-no e-con e-parent\" data-id=\"452a46c3\" data-element_type=\"container\" data-e-type=\"container\" data-settings=\"{&quot;background_background&quot;:&quot;gradient&quot;}\">\n\t\t\t\t\t<div class=\"e-con-inner\">\n\t\t<div class=\"elementor-element elementor-element-18c1b873 e-con-full e-flex wpr-particle-no wpr-jarallax-no wpr-parallax-no wpr-sticky-section-no wpr-equal-height-no e-con e-child\" data-id=\"18c1b873\" data-element_type=\"container\" data-e-type=\"container\">\n\t\t\t\t<div class=\"elementor-element elementor-element-4804354 elementor-widget elementor-widget-heading\" data-id=\"4804354\" data-element_type=\"widget\" data-e-type=\"widget\" data-widget_type=\"heading.default\">\n\t\t\t\t<div class=\"elementor-widget-container\">\n\t\t\t\t\t<h6 class=\"elementor-heading-title elementor-size-default\">Responsible Webpage<\/h6>\t\t\t\t<\/div>\n\t\t\t\t<\/div>\n\t\t\t\t<div class=\"elementor-element elementor-element-c591523 elementor-widget elementor-widget-text-editor\" data-id=\"c591523\" data-element_type=\"widget\" data-e-type=\"widget\" data-widget_type=\"text-editor.default\">\n\t\t\t\t<div class=\"elementor-widget-container\">\n\t\t\t\t\t\t\t\t\t<p>P12 Medical GmbH<\/p><p>Turicumstrasse 29<\/p><p>8610 Uster<\/p><p>Switzerland<\/p><p>VAT Number CHE-460.662.537<\/p><p>T +41 44 5003438<\/p><p>M info(@)p12medical.ch<\/p>\t\t\t\t\t\t\t\t<\/div>\n\t\t\t\t<\/div>\n\t\t\t\t<div class=\"elementor-element elementor-element-cc1df0f elementor-widget elementor-widget-heading\" data-id=\"cc1df0f\" data-element_type=\"widget\" data-e-type=\"widget\" data-widget_type=\"heading.default\">\n\t\t\t\t<div class=\"elementor-widget-container\">\n\t\t\t\t\t<h6 class=\"elementor-heading-title elementor-size-default\">Disclaimer<\/h6>\t\t\t\t<\/div>\n\t\t\t\t<\/div>\n\t\t\t\t<div class=\"elementor-element elementor-element-c145fbe elementor-widget elementor-widget-text-editor\" data-id=\"c145fbe\" data-element_type=\"widget\" data-e-type=\"widget\" data-widget_type=\"text-editor.default\">\n\t\t\t\t<div class=\"elementor-widget-container\">\n\t\t\t\t\t\t\t\t\t<p>P12 Medical GmbH does not assume any liability that the information is up to date or for the correctness, completeness or quality of the information provided.<\/p>\n<p>Liability claims regarding damage caused by the use of any information provided, including any kind of information which is incomplete or incorrect, will therefore be rejected.<\/p>\n<p>All contents are subject to change and non-binding. The author expressly reserves the right to change, supplement or delete parts of the pages or the entire content without prior notice, or to cease publication temporarily or permanently.<\/p>\t\t\t\t\t\t\t\t<\/div>\n\t\t\t\t<\/div>\n\t\t\t\t<div class=\"elementor-element elementor-element-c7ef3a7 elementor-widget elementor-widget-heading\" data-id=\"c7ef3a7\" data-element_type=\"widget\" data-e-type=\"widget\" data-widget_type=\"heading.default\">\n\t\t\t\t<div class=\"elementor-widget-container\">\n\t\t\t\t\t<h6 class=\"elementor-heading-title elementor-size-default\">Links to this site or to other sites<\/h6>\t\t\t\t<\/div>\n\t\t\t\t<\/div>\n\t\t\t\t<div class=\"elementor-element elementor-element-a6dc6b9 elementor-widget elementor-widget-text-editor\" data-id=\"a6dc6b9\" data-element_type=\"widget\" data-e-type=\"widget\" data-widget_type=\"text-editor.default\">\n\t\t\t\t<div class=\"elementor-widget-container\">\n\t\t\t\t\t\t\t\t\t<p>References and links to third-party websites are outside our area of responsibility. We disclaim any responsibility for such websites. Access and use of such websites is at the user's own risk.<\/p>\n<p>All contents are subject to change and non-binding. The author expressly reserves the right to change, supplement or delete parts of the pages or the entire content without prior notice, or to cease publication temporarily or permanently.<\/p>\t\t\t\t\t\t\t\t<\/div>\n\t\t\t\t<\/div>\n\t\t\t\t<div class=\"elementor-element elementor-element-61bd086 elementor-widget elementor-widget-heading\" data-id=\"61bd086\" data-element_type=\"widget\" data-e-type=\"widget\" data-widget_type=\"heading.default\">\n\t\t\t\t<div class=\"elementor-widget-container\">\n\t\t\t\t\t<h6 class=\"elementor-heading-title elementor-size-default\">Trademarks \/ proprietary rights<\/h6>\t\t\t\t<\/div>\n\t\t\t\t<\/div>\n\t\t\t\t<div class=\"elementor-element elementor-element-e5e8302 elementor-widget elementor-widget-text-editor\" data-id=\"e5e8302\" data-element_type=\"widget\" data-e-type=\"widget\" data-widget_type=\"text-editor.default\">\n\t\t\t\t<div class=\"elementor-widget-container\">\n\t\t\t\t\t\t\t\t\t<p>The copyrights and all other rights to the content, images, photos or other files on the website belong exclusively to the company P12 Medical GmbH or the named rights holders.<\/p> <p>For the reproduction of any elements, the written consent of the rights holders must be obtained in advance.<\/p>\t\t\t\t\t\t\t\t<\/div>\n\t\t\t\t<\/div>\n\t\t\t\t<\/div>\n\t\t\t\t\t<\/div>\n\t\t\t\t<\/div>\n\t\t\t\t<\/div>","protected":false},"excerpt":{"rendered":"<p>Impressum Verantwortlich f\u00fcr den Inhalt dieser Webseite P12 Medical GmbH Turicumstrasse 29 8610 Uster Schweiz Umsatzsteuer CHE-460.662.537 T +41 44 5003438 M info(@)p12medical.ch Haftungsausschluss P12 Medical GmbH \u00fcbernimmt keinerlei Gew\u00e4hr f\u00fcr die Aktualit\u00e4t, Korrektheit, Vollst\u00e4ndigkeit oder Qualit\u00e4t der bereitgestellten Informationen. Haftungsanspr\u00fcche, die sich auf Sch\u00e4den materieller oder ideeller Art beziehen, die durch die Nutzung oder Nichtnutzung der dargebotenen Informationen bzw. durch die Nutzung fehlerhafter und unvollst\u00e4ndiger Informationen verursacht wurden, sind grunds\u00e4tzlich ausgeschlossen. Alle Inhalte sind freibleibend und unverbindlich. Der Autor beh\u00e4lt es sich ausdr\u00fccklich vor, Teile der Seiten oder den gesamten Inhalt ohne gesonderte Ank\u00fcndigung zu ver\u00e4ndern, zu erg\u00e4nzen, zu l\u00f6schen oder die Ver\u00f6ffentlichung zeitweise oder endg\u00fcltig einzustellen. Haftung f\u00fcr Links Verweise und Links auf Webseiten Dritter liegen ausserhalb unseres Verantwortungsbereiches. Wir lehnen jede Verantwortung f\u00fcr solche Websites ab. Der Zugang und die Nutzung solcher Websites erfolgt auf eigenes Risiko des Nutzers. Alle Inhalte sind freibleibend und unverbindlich. Der Autor beh\u00e4lt es sich ausdr\u00fccklich vor, Teile der Seiten oder den gesamten Inhalt ohne gesonderte Ank\u00fcndigung zu ver\u00e4ndern, zu erg\u00e4nzen, zu l\u00f6schen oder die Ver\u00f6ffentlichung zeitweise oder endg\u00fcltig einzustellen. Urheberrechte Die Urheberrechte und alle anderen Rechte an den Inhalten, Bildern, Fotos oder anderen Dateien auf der Website geh\u00f6ren ausschliesslich der Firma P12 Medical GmbH oder den namentlich genannten Rechtsinhabern. F\u00fcr die Reproduktion jeglicher Elemente ist die schriftliche Zustimmung der Rechteinhaber im Voraus einzuholen.<\/p>","protected":false},"author":2,"featured_media":0,"parent":0,"menu_order":0,"comment_status":"closed","ping_status":"closed","template":"","meta":{"footnotes":""},"class_list":["post-3826","page","type-page","status-publish","hentry"],"yoast_head":"<!-- This site is optimized with the Yoast SEO plugin v27.4 - https:\/\/yoast.com\/product\/yoast-seo-wordpress\/ -->\n<title>Impressum - P12 Medical<\/title>\n<meta name=\"description\" content=\"P12 Medical Impressum \u2013 Informationen zu Unternehmen, Anschrift, Kontakt und rechtlichen Hinweisen f\u00fcr Transparenz und Sicherheit.\" \/>\n<meta name=\"robots\" content=\"index, follow, max-snippet:-1, max-image-preview:large, max-video-preview:-1\" \/>\n<link rel=\"canonical\" href=\"https:\/\/p12medical.ch\/en\/impressum\/\" \/>\n<meta property=\"og:locale\" content=\"en_US\" \/>\n<meta property=\"og:type\" content=\"article\" \/>\n<meta property=\"og:title\" content=\"Impressum - P12 Medical\" \/>\n<meta property=\"og:description\" content=\"P12 Medical Impressum \u2013 Informationen zu Unternehmen, Anschrift, Kontakt und rechtlichen Hinweisen f\u00fcr Transparenz und Sicherheit.\" \/>\n<meta property=\"og:url\" content=\"https:\/\/p12medical.ch\/en\/impressum\/\" \/>\n<meta property=\"og:site_name\" content=\"P12 Medical\" \/>\n<meta property=\"article:modified_time\" content=\"2025-10-17T11:14:33+00:00\" \/>\n<meta name=\"twitter:card\" content=\"summary_large_image\" \/>\n<meta name=\"twitter:label1\" content=\"Est. reading time\" \/>\n\t<meta name=\"twitter:data1\" content=\"1 minute\" \/>\n<script type=\"application\/ld+json\" class=\"yoast-schema-graph\">{\"@context\":\"https:\\\/\\\/schema.org\",\"@graph\":[{\"@type\":\"WebPage\",\"@id\":\"https:\\\/\\\/p12medical.ch\\\/impressum\\\/\",\"url\":\"https:\\\/\\\/p12medical.ch\\\/impressum\\\/\",\"name\":\"Impressum - P12 Medical\",\"isPartOf\":{\"@id\":\"https:\\\/\\\/p12medical.ch\\\/de\\\/#website\"},\"datePublished\":\"2025-01-22T07:20:10+00:00\",\"dateModified\":\"2025-10-17T11:14:33+00:00\",\"description\":\"P12 Medical Impressum \u2013 Informationen zu Unternehmen, Anschrift, Kontakt und rechtlichen Hinweisen f\u00fcr Transparenz und Sicherheit.\",\"breadcrumb\":{\"@id\":\"https:\\\/\\\/p12medical.ch\\\/impressum\\\/#breadcrumb\"},\"inLanguage\":\"en-US\",\"potentialAction\":[{\"@type\":\"ReadAction\",\"target\":[\"https:\\\/\\\/p12medical.ch\\\/impressum\\\/\"]}]},{\"@type\":\"BreadcrumbList\",\"@id\":\"https:\\\/\\\/p12medical.ch\\\/impressum\\\/#breadcrumb\",\"itemListElement\":[{\"@type\":\"ListItem\",\"position\":1,\"name\":\"Home\",\"item\":\"https:\\\/\\\/p12medical.ch\\\/\"},{\"@type\":\"ListItem\",\"position\":2,\"name\":\"Impressum\"}]},{\"@type\":\"WebSite\",\"@id\":\"https:\\\/\\\/p12medical.ch\\\/de\\\/#website\",\"url\":\"https:\\\/\\\/p12medical.ch\\\/de\\\/\",\"name\":\"P12 Medical\",\"description\":\"Helping industries thrive with smart, reliable medical solutions\",\"publisher\":{\"@id\":\"https:\\\/\\\/p12medical.ch\\\/de\\\/#organization\"},\"potentialAction\":[{\"@type\":\"SearchAction\",\"target\":{\"@type\":\"EntryPoint\",\"urlTemplate\":\"https:\\\/\\\/p12medical.ch\\\/de\\\/?s={search_term_string}\"},\"query-input\":{\"@type\":\"PropertyValueSpecification\",\"valueRequired\":true,\"valueName\":\"search_term_string\"}}],\"inLanguage\":\"en-US\"},{\"@type\":\"Organization\",\"@id\":\"https:\\\/\\\/p12medical.ch\\\/de\\\/#organization\",\"name\":\"P12 Medical\",\"url\":\"https:\\\/\\\/p12medical.ch\\\/de\\\/\",\"logo\":{\"@type\":\"ImageObject\",\"inLanguage\":\"en-US\",\"@id\":\"https:\\\/\\\/p12medical.ch\\\/de\\\/#\\\/schema\\\/logo\\\/image\\\/\",\"url\":\"https:\\\/\\\/p12medical.ch\\\/wp-content\\\/uploads\\\/2024\\\/11\\\/P12-MEDICAL-w1.png\",\"contentUrl\":\"https:\\\/\\\/p12medical.ch\\\/wp-content\\\/uploads\\\/2024\\\/11\\\/P12-MEDICAL-w1.png\",\"width\":902,\"height\":358,\"caption\":\"P12 Medical\"},\"image\":{\"@id\":\"https:\\\/\\\/p12medical.ch\\\/de\\\/#\\\/schema\\\/logo\\\/image\\\/\"},\"sameAs\":[\"https:\\\/\\\/www.linkedin.com\\\/company\\\/p12-medical\"]}]}<\/script>\n<!-- \/ Yoast SEO plugin. -->","yoast_head_json":{"title":"Impressum - P12 Medical","description":"P12 Medical Impressum \u2013 Informationen zu Unternehmen, Anschrift, Kontakt und rechtlichen Hinweisen f\u00fcr Transparenz und Sicherheit.","robots":{"index":"index","follow":"follow","max-snippet":"max-snippet:-1","max-image-preview":"max-image-preview:large","max-video-preview":"max-video-preview:-1"},"canonical":"https:\/\/p12medical.ch\/en\/impressum\/","og_locale":"en_US","og_type":"article","og_title":"Impressum - P12 Medical","og_description":"P12 Medical Impressum \u2013 Informationen zu Unternehmen, Anschrift, Kontakt und rechtlichen Hinweisen f\u00fcr Transparenz und Sicherheit.","og_url":"https:\/\/p12medical.ch\/en\/impressum\/","og_site_name":"P12 Medical","article_modified_time":"2025-10-17T11:14:33+00:00","twitter_card":"summary_large_image","twitter_misc":{"Est. reading time":"1 minute"},"schema":{"@context":"https:\/\/schema.org","@graph":[{"@type":"WebPage","@id":"https:\/\/p12medical.ch\/impressum\/","url":"https:\/\/p12medical.ch\/impressum\/","name":"Impressum - P12 Medical","isPartOf":{"@id":"https:\/\/p12medical.ch\/de\/#website"},"datePublished":"2025-01-22T07:20:10+00:00","dateModified":"2025-10-17T11:14:33+00:00","description":"P12 Medical Impressum \u2013 Informationen zu Unternehmen, Anschrift, Kontakt und rechtlichen Hinweisen f\u00fcr Transparenz und Sicherheit.","breadcrumb":{"@id":"https:\/\/p12medical.ch\/impressum\/#breadcrumb"},"inLanguage":"en-US","potentialAction":[{"@type":"ReadAction","target":["https:\/\/p12medical.ch\/impressum\/"]}]},{"@type":"BreadcrumbList","@id":"https:\/\/p12medical.ch\/impressum\/#breadcrumb","itemListElement":[{"@type":"ListItem","position":1,"name":"Home","item":"https:\/\/p12medical.ch\/"},{"@type":"ListItem","position":2,"name":"Impressum"}]},{"@type":"WebSite","@id":"https:\/\/p12medical.ch\/de\/#website","url":"https:\/\/p12medical.ch\/de\/","name":"P12 Medical","description":"Helping industries thrive with smart, reliable medical solutions","publisher":{"@id":"https:\/\/p12medical.ch\/de\/#organization"},"potentialAction":[{"@type":"SearchAction","target":{"@type":"EntryPoint","urlTemplate":"https:\/\/p12medical.ch\/de\/?s={search_term_string}"},"query-input":{"@type":"PropertyValueSpecification","valueRequired":true,"valueName":"search_term_string"}}],"inLanguage":"en-US"},{"@type":"Organization","@id":"https:\/\/p12medical.ch\/de\/#organization","name":"P12 Medical","url":"https:\/\/p12medical.ch\/de\/","logo":{"@type":"ImageObject","inLanguage":"en-US","@id":"https:\/\/p12medical.ch\/de\/#\/schema\/logo\/image\/","url":"https:\/\/p12medical.ch\/wp-content\/uploads\/2024\/11\/P12-MEDICAL-w1.png","contentUrl":"https:\/\/p12medical.ch\/wp-content\/uploads\/2024\/11\/P12-MEDICAL-w1.png","width":902,"height":358,"caption":"P12 Medical"},"image":{"@id":"https:\/\/p12medical.ch\/de\/#\/schema\/logo\/image\/"},"sameAs":["https:\/\/www.linkedin.com\/company\/p12-medical"]}]}},"_links":{"self":[{"href":"http:\/\/p12medical.ch\/en\/wp-json\/wp\/v2\/pages\/3826","targetHints":{"allow":["GET"]}}],"collection":[{"href":"http:\/\/p12medical.ch\/en\/wp-json\/wp\/v2\/pages"}],"about":[{"href":"http:\/\/p12medical.ch\/en\/wp-json\/wp\/v2\/types\/page"}],"author":[{"embeddable":true,"href":"http:\/\/p12medical.ch\/en\/wp-json\/wp\/v2\/users\/2"}],"replies":[{"embeddable":true,"href":"http:\/\/p12medical.ch\/en\/wp-json\/wp\/v2\/comments?post=3826"}],"version-history":[{"count":0,"href":"http:\/\/p12medical.ch\/en\/wp-json\/wp\/v2\/pages\/3826\/revisions"}],"wp:attachment":[{"href":"http:\/\/p12medical.ch\/en\/wp-json\/wp\/v2\/media?parent=3826"}],"curies":[{"name":"wp","href":"https:\/\/api.w.org\/{rel}","templated":true}]}}