{"id":2757,"date":"2025-01-08T07:49:02","date_gmt":"2025-01-08T07:49:02","guid":{"rendered":"https:\/\/p12.wixcellent.com\/?page_id=2757"},"modified":"2025-10-16T14:07:35","modified_gmt":"2025-10-16T14:07:35","slug":"events","status":"publish","type":"page","link":"https:\/\/p12medical.ch\/en\/events\/","title":{"rendered":"Events"},"content":{"rendered":"<div data-elementor-type=\"wp-page\" data-elementor-id=\"2757\" class=\"elementor elementor-2757\">\n\t\t\t\t<div class=\"elementor-element elementor-element-a83e46e e-flex e-con-boxed wpr-particle-no wpr-jarallax-no wpr-parallax-no wpr-sticky-section-no wpr-equal-height-no e-con e-parent\" data-id=\"a83e46e\" data-element_type=\"container\" data-e-type=\"container\" data-settings=\"{&quot;background_background&quot;:&quot;gradient&quot;}\">\n\t\t\t\t\t<div class=\"e-con-inner\">\n\t\t\t\t<div class=\"elementor-element elementor-element-ee49669 elementor-invisible elementor-widget elementor-widget-heading\" data-id=\"ee49669\" data-element_type=\"widget\" data-e-type=\"widget\" data-settings=\"{&quot;_animation&quot;:&quot;fadeInUp&quot;}\" data-widget_type=\"heading.default\">\n\t\t\t\t<div class=\"elementor-widget-container\">\n\t\t\t\t\t<h2 class=\"elementor-heading-title elementor-size-default\">Events<\/h2>\t\t\t\t<\/div>\n\t\t\t\t<\/div>\n\t\t\t\t\t<\/div>\n\t\t\t\t<\/div>\n\t\t<div class=\"elementor-element elementor-element-de5a184 e-flex e-con-boxed wpr-particle-no wpr-jarallax-no wpr-parallax-no wpr-sticky-section-no wpr-equal-height-no e-con e-parent\" data-id=\"de5a184\" data-element_type=\"container\" data-e-type=\"container\" data-settings=\"{&quot;background_background&quot;:&quot;classic&quot;}\">\n\t\t\t\t\t<div class=\"e-con-inner\">\n\t\t\t\t<div class=\"elementor-element elementor-element-1f66733 elementor-widget elementor-widget-shortcode\" data-id=\"1f66733\" data-element_type=\"widget\" data-e-type=\"widget\" data-widget_type=\"shortcode.default\">\n\t\t\t\t<div class=\"elementor-widget-container\">\n\t\t\t\t\t\t\t<div class=\"elementor-shortcode\"><div class=\"event-grid\" style=\"display: flex; flex-wrap: wrap; gap: 20px;\"><div class=\"event-card\" style=\"flex: 1 1 calc(33.333% - 20px); box-sizing: border-box;\"><img decoding=\"async\" src=\"https:\/\/p12medical.ch\/wp-content\/uploads\/2025\/08\/29.-Swiss-Cleanroom-Event-300x213.webp\" alt=\"30. Swiss Cleanroom Community Event\" class=\"event-image\" style=\"width: 100%; height: 200px; object-fit: cover;\"><h3>30th Swiss Cleanroom Community Event<\/h3><a href=\"https:\/\/p12medical.ch\/en\/30-swiss-cleanroom-community-event\/\" class=\"read-more\">Read more \u2192<\/a><\/div><div class=\"event-card\" style=\"flex: 1 1 calc(33.333% - 20px); box-sizing: border-box;\"><img decoding=\"async\" src=\"https:\/\/p12medical.ch\/wp-content\/uploads\/2025\/12\/NewFood_Post-Bild-300x202.jpg\" alt=\"NEWFOOD X NOW Expo2026 &#8211; Treffen Sie...\" class=\"event-image\" style=\"width: 100%; height: 200px; object-fit: cover;\"><h3>NEWFOOD X NOW Expo2026 \u2013 Meet us...<\/h3><a href=\"https:\/\/p12medical.ch\/en\/newfood-x-now-expo-p12-medical-spectral-blue\/\" class=\"read-more\">Read more \u2192<\/a><\/div><div class=\"event-card\" style=\"flex: 1 1 calc(33.333% - 20px); box-sizing: border-box;\"><img decoding=\"async\" src=\"https:\/\/p12medical.ch\/wp-content\/uploads\/2025\/10\/food_conveyer_Spectral_Blue_c7561a06-a475-4090-9f22-46fee4469da6-300x127.webp\" alt=\"Live Webinar &#8211; ISO 22002-100:2025 Bessere Pr\u00e4vention...\" class=\"event-image\" style=\"width: 100%; height: 200px; object-fit: cover;\"><h3>Live Webinar \u2013 ISO 22002-100:2025 Prevent...<\/h3><a href=\"https:\/\/p12medical.ch\/en\/webinar-iso-22002-100-und-spectral-blue\/\" class=\"read-more\">Read more \u2192<\/a><\/div><div class=\"event-card\" style=\"flex: 1 1 calc(33.333% - 20px); box-sizing: border-box;\"><img decoding=\"async\" src=\"https:\/\/p12medical.ch\/wp-content\/uploads\/2025\/06\/Spectral-Blue-Webinar-on-Tacking-Listeria-June-2025-300x114.jpg\" alt=\"Webinar &#8211; Listerien in der Lebensmittelproduktion\" class=\"event-image\" style=\"width: 100%; height: 200px; object-fit: cover;\"><h3>Webinar Spectral Blue - Listeria in Food Production<\/h3><a href=\"https:\/\/p12medical.ch\/en\/events-2025-webinar-listeria\/\" class=\"read-more\">Read more \u2192<\/a><\/div><\/div><div class=\"pagination\"><\/div><\/div>\n\t\t\t\t\t\t<\/div>\n\t\t\t\t<\/div>\n\t\t\t\t\t<\/div>\n\t\t\t\t<\/div>\n\t\t\t\t<\/div>","protected":false},"excerpt":{"rendered":"<p>Events<\/p>","protected":false},"author":2,"featured_media":4835,"parent":0,"menu_order":0,"comment_status":"closed","ping_status":"closed","template":"","meta":{"footnotes":""},"class_list":["post-2757","page","type-page","status-publish","has-post-thumbnail","hentry"],"yoast_head":"<!-- This site is optimized with the Yoast SEO plugin v27.4 - https:\/\/yoast.com\/product\/yoast-seo-wordpress\/ -->\n<title>Events - P12 Medical<\/title>\n<meta name=\"description\" content=\"Besuchen Sie uns bei unseren n\u00e4chsten Veranstaltungen und erfahren Sie alles \u00fcber die vielseitigen Einsatzm\u00f6glichkeiten unserer Produkte.\" \/>\n<meta name=\"robots\" content=\"index, follow, max-snippet:-1, max-image-preview:large, max-video-preview:-1\" \/>\n<link rel=\"canonical\" href=\"https:\/\/p12medical.ch\/en\/events\/\" \/>\n<meta property=\"og:locale\" content=\"en_US\" \/>\n<meta property=\"og:type\" content=\"article\" \/>\n<meta property=\"og:title\" content=\"Events - P12 Medical\" \/>\n<meta property=\"og:description\" content=\"Besuchen Sie uns bei unseren n\u00e4chsten Veranstaltungen und erfahren Sie alles \u00fcber die vielseitigen Einsatzm\u00f6glichkeiten unserer Produkte.\" \/>\n<meta property=\"og:url\" content=\"https:\/\/p12medical.ch\/en\/events\/\" \/>\n<meta property=\"og:site_name\" content=\"P12 Medical\" \/>\n<meta property=\"article:modified_time\" content=\"2025-10-16T14:07:35+00:00\" \/>\n<meta property=\"og:image\" content=\"https:\/\/p12medical.ch\/wp-content\/uploads\/2025\/01\/bannerHP.webp\" \/>\n\t<meta property=\"og:image:width\" content=\"2140\" \/>\n\t<meta property=\"og:image:height\" content=\"960\" \/>\n\t<meta property=\"og:image:type\" content=\"image\/webp\" \/>\n<meta name=\"twitter:card\" content=\"summary_large_image\" \/>\n<meta name=\"twitter:label1\" content=\"Est. reading time\" \/>\n\t<meta name=\"twitter:data1\" content=\"1 minute\" \/>\n<script type=\"application\/ld+json\" class=\"yoast-schema-graph\">{\"@context\":\"https:\\\/\\\/schema.org\",\"@graph\":[{\"@type\":\"WebPage\",\"@id\":\"https:\\\/\\\/p12medical.ch\\\/de\\\/events\\\/\",\"url\":\"https:\\\/\\\/p12medical.ch\\\/de\\\/events\\\/\",\"name\":\"Events - P12 Medical\",\"isPartOf\":{\"@id\":\"https:\\\/\\\/p12medical.ch\\\/de\\\/#website\"},\"primaryImageOfPage\":{\"@id\":\"https:\\\/\\\/p12medical.ch\\\/de\\\/events\\\/#primaryimage\"},\"image\":{\"@id\":\"https:\\\/\\\/p12medical.ch\\\/de\\\/events\\\/#primaryimage\"},\"thumbnailUrl\":\"https:\\\/\\\/p12medical.ch\\\/wp-content\\\/uploads\\\/2025\\\/01\\\/bannerHP.webp\",\"datePublished\":\"2025-01-08T07:49:02+00:00\",\"dateModified\":\"2025-10-16T14:07:35+00:00\",\"description\":\"Besuchen Sie uns bei unseren n\u00e4chsten Veranstaltungen und erfahren Sie alles \u00fcber die vielseitigen Einsatzm\u00f6glichkeiten unserer Produkte.\",\"breadcrumb\":{\"@id\":\"https:\\\/\\\/p12medical.ch\\\/de\\\/events\\\/#breadcrumb\"},\"inLanguage\":\"en-US\",\"potentialAction\":[{\"@type\":\"ReadAction\",\"target\":[\"https:\\\/\\\/p12medical.ch\\\/de\\\/events\\\/\"]}]},{\"@type\":\"ImageObject\",\"inLanguage\":\"en-US\",\"@id\":\"https:\\\/\\\/p12medical.ch\\\/de\\\/events\\\/#primaryimage\",\"url\":\"https:\\\/\\\/p12medical.ch\\\/wp-content\\\/uploads\\\/2025\\\/01\\\/bannerHP.webp\",\"contentUrl\":\"https:\\\/\\\/p12medical.ch\\\/wp-content\\\/uploads\\\/2025\\\/01\\\/bannerHP.webp\",\"width\":2140,\"height\":960,\"caption\":\"Pr\u00e4zision und Effizienz f\u00fcr moderne Medizinprodukte\"},{\"@type\":\"BreadcrumbList\",\"@id\":\"https:\\\/\\\/p12medical.ch\\\/de\\\/events\\\/#breadcrumb\",\"itemListElement\":[{\"@type\":\"ListItem\",\"position\":1,\"name\":\"Home\",\"item\":\"https:\\\/\\\/p12medical.ch\\\/\"},{\"@type\":\"ListItem\",\"position\":2,\"name\":\"Events\"}]},{\"@type\":\"WebSite\",\"@id\":\"https:\\\/\\\/p12medical.ch\\\/de\\\/#website\",\"url\":\"https:\\\/\\\/p12medical.ch\\\/de\\\/\",\"name\":\"P12 Medical\",\"description\":\"Helping industries thrive with smart, reliable medical solutions\",\"publisher\":{\"@id\":\"https:\\\/\\\/p12medical.ch\\\/de\\\/#organization\"},\"potentialAction\":[{\"@type\":\"SearchAction\",\"target\":{\"@type\":\"EntryPoint\",\"urlTemplate\":\"https:\\\/\\\/p12medical.ch\\\/de\\\/?s={search_term_string}\"},\"query-input\":{\"@type\":\"PropertyValueSpecification\",\"valueRequired\":true,\"valueName\":\"search_term_string\"}}],\"inLanguage\":\"en-US\"},{\"@type\":\"Organization\",\"@id\":\"https:\\\/\\\/p12medical.ch\\\/de\\\/#organization\",\"name\":\"P12 Medical\",\"url\":\"https:\\\/\\\/p12medical.ch\\\/de\\\/\",\"logo\":{\"@type\":\"ImageObject\",\"inLanguage\":\"en-US\",\"@id\":\"https:\\\/\\\/p12medical.ch\\\/de\\\/#\\\/schema\\\/logo\\\/image\\\/\",\"url\":\"https:\\\/\\\/p12medical.ch\\\/wp-content\\\/uploads\\\/2024\\\/11\\\/P12-MEDICAL-w1.png\",\"contentUrl\":\"https:\\\/\\\/p12medical.ch\\\/wp-content\\\/uploads\\\/2024\\\/11\\\/P12-MEDICAL-w1.png\",\"width\":902,\"height\":358,\"caption\":\"P12 Medical\"},\"image\":{\"@id\":\"https:\\\/\\\/p12medical.ch\\\/de\\\/#\\\/schema\\\/logo\\\/image\\\/\"},\"sameAs\":[\"https:\\\/\\\/www.linkedin.com\\\/company\\\/p12-medical\"]}]}<\/script>\n<!-- \/ Yoast SEO plugin. -->","yoast_head_json":{"title":"Events - P12 Medical","description":"Besuchen Sie uns bei unseren n\u00e4chsten Veranstaltungen und erfahren Sie alles \u00fcber die vielseitigen Einsatzm\u00f6glichkeiten unserer Produkte.","robots":{"index":"index","follow":"follow","max-snippet":"max-snippet:-1","max-image-preview":"max-image-preview:large","max-video-preview":"max-video-preview:-1"},"canonical":"https:\/\/p12medical.ch\/en\/events\/","og_locale":"en_US","og_type":"article","og_title":"Events - P12 Medical","og_description":"Besuchen Sie uns bei unseren n\u00e4chsten Veranstaltungen und erfahren Sie alles \u00fcber die vielseitigen Einsatzm\u00f6glichkeiten unserer Produkte.","og_url":"https:\/\/p12medical.ch\/en\/events\/","og_site_name":"P12 Medical","article_modified_time":"2025-10-16T14:07:35+00:00","og_image":[{"width":2140,"height":960,"url":"https:\/\/p12medical.ch\/wp-content\/uploads\/2025\/01\/bannerHP.webp","type":"image\/webp"}],"twitter_card":"summary_large_image","twitter_misc":{"Est. reading time":"1 minute"},"schema":{"@context":"https:\/\/schema.org","@graph":[{"@type":"WebPage","@id":"https:\/\/p12medical.ch\/de\/events\/","url":"https:\/\/p12medical.ch\/de\/events\/","name":"Events - P12 Medical","isPartOf":{"@id":"https:\/\/p12medical.ch\/de\/#website"},"primaryImageOfPage":{"@id":"https:\/\/p12medical.ch\/de\/events\/#primaryimage"},"image":{"@id":"https:\/\/p12medical.ch\/de\/events\/#primaryimage"},"thumbnailUrl":"https:\/\/p12medical.ch\/wp-content\/uploads\/2025\/01\/bannerHP.webp","datePublished":"2025-01-08T07:49:02+00:00","dateModified":"2025-10-16T14:07:35+00:00","description":"Besuchen Sie uns bei unseren n\u00e4chsten Veranstaltungen und erfahren Sie alles \u00fcber die vielseitigen Einsatzm\u00f6glichkeiten unserer Produkte.","breadcrumb":{"@id":"https:\/\/p12medical.ch\/de\/events\/#breadcrumb"},"inLanguage":"en-US","potentialAction":[{"@type":"ReadAction","target":["https:\/\/p12medical.ch\/de\/events\/"]}]},{"@type":"ImageObject","inLanguage":"en-US","@id":"https:\/\/p12medical.ch\/de\/events\/#primaryimage","url":"https:\/\/p12medical.ch\/wp-content\/uploads\/2025\/01\/bannerHP.webp","contentUrl":"https:\/\/p12medical.ch\/wp-content\/uploads\/2025\/01\/bannerHP.webp","width":2140,"height":960,"caption":"Pr\u00e4zision und Effizienz f\u00fcr moderne Medizinprodukte"},{"@type":"BreadcrumbList","@id":"https:\/\/p12medical.ch\/de\/events\/#breadcrumb","itemListElement":[{"@type":"ListItem","position":1,"name":"Home","item":"https:\/\/p12medical.ch\/"},{"@type":"ListItem","position":2,"name":"Events"}]},{"@type":"WebSite","@id":"https:\/\/p12medical.ch\/de\/#website","url":"https:\/\/p12medical.ch\/de\/","name":"P12 Medical","description":"Helping industries thrive with smart, reliable medical solutions","publisher":{"@id":"https:\/\/p12medical.ch\/de\/#organization"},"potentialAction":[{"@type":"SearchAction","target":{"@type":"EntryPoint","urlTemplate":"https:\/\/p12medical.ch\/de\/?s={search_term_string}"},"query-input":{"@type":"PropertyValueSpecification","valueRequired":true,"valueName":"search_term_string"}}],"inLanguage":"en-US"},{"@type":"Organization","@id":"https:\/\/p12medical.ch\/de\/#organization","name":"P12 Medical","url":"https:\/\/p12medical.ch\/de\/","logo":{"@type":"ImageObject","inLanguage":"en-US","@id":"https:\/\/p12medical.ch\/de\/#\/schema\/logo\/image\/","url":"https:\/\/p12medical.ch\/wp-content\/uploads\/2024\/11\/P12-MEDICAL-w1.png","contentUrl":"https:\/\/p12medical.ch\/wp-content\/uploads\/2024\/11\/P12-MEDICAL-w1.png","width":902,"height":358,"caption":"P12 Medical"},"image":{"@id":"https:\/\/p12medical.ch\/de\/#\/schema\/logo\/image\/"},"sameAs":["https:\/\/www.linkedin.com\/company\/p12-medical"]}]}},"_links":{"self":[{"href":"https:\/\/p12medical.ch\/en\/wp-json\/wp\/v2\/pages\/2757","targetHints":{"allow":["GET"]}}],"collection":[{"href":"https:\/\/p12medical.ch\/en\/wp-json\/wp\/v2\/pages"}],"about":[{"href":"https:\/\/p12medical.ch\/en\/wp-json\/wp\/v2\/types\/page"}],"author":[{"embeddable":true,"href":"https:\/\/p12medical.ch\/en\/wp-json\/wp\/v2\/users\/2"}],"replies":[{"embeddable":true,"href":"https:\/\/p12medical.ch\/en\/wp-json\/wp\/v2\/comments?post=2757"}],"version-history":[{"count":1,"href":"https:\/\/p12medical.ch\/en\/wp-json\/wp\/v2\/pages\/2757\/revisions"}],"predecessor-version":[{"id":12475,"href":"https:\/\/p12medical.ch\/en\/wp-json\/wp\/v2\/pages\/2757\/revisions\/12475"}],"wp:featuredmedia":[{"embeddable":true,"href":"https:\/\/p12medical.ch\/en\/wp-json\/wp\/v2\/media\/4835"}],"wp:attachment":[{"href":"https:\/\/p12medical.ch\/en\/wp-json\/wp\/v2\/media?parent=2757"}],"curies":[{"name":"wp","href":"https:\/\/api.w.org\/{rel}","templated":true}]}}